{"id":5732,"date":"2022-12-14T15:40:05","date_gmt":"2022-12-14T18:40:05","guid":{"rendered":"https:\/\/peers-elementor.htc.inf.br\/how-we-work\/supply-chain\/"},"modified":"2025-02-23T14:41:45","modified_gmt":"2025-02-23T17:41:45","slug":"supply-chain","status":"publish","type":"page","link":"http:\/\/peers-elementor.htc.inf.br\/en\/how-we-work\/supply-chain\/","title":{"rendered":"Supply Chain"},"content":{"rendered":"<h5><span data-contrast=\"auto\">Atuamos em todo o Supply Chain de diferentes setores<\/span><span data-ccp-props=\"{&quot;201341983&quot;:0,&quot;335559739&quot;:160,&quot;335559740&quot;:259}\">\u00a0<\/span><\/h5>\n<h5><span data-contrast=\"auto\">Abrangendo todos os elos da cadeia de abastecimento desde Fornecedores, Compras, Planejamento, Produ\u00e7\u00e3o, Armazenagem, Transporte \/ Abastecimento e Customer Fullfilment<\/span><span data-ccp-props=\"{&quot;201341983&quot;:0,&quot;335559739&quot;:160,&quot;335559740&quot;:259}\">\u00a0<\/span><\/h5>\n<h5><span data-contrast=\"auto\">Desta forma, temos uma vis\u00e3o <\/span><i><span data-contrast=\"auto\">end to end<\/span><\/i><span data-contrast=\"auto\"> da cadeia, que nos permite otimizar fluxos de informa\u00e7\u00e3o, materiais e financeiros, trazendo resultados concretos a nossos clientes<\/span><span data-ccp-props=\"{&quot;201341983&quot;:0,&quot;335559739&quot;:160,&quot;335559740&quot;:259}\">\u00a0<\/span><\/h5>\n<h5><span data-contrast=\"auto\">A variedade de temas nos permite executar diversos tipos de desafios, desde estrat\u00e9gicos at\u00e9 t\u00e1ticos e operacionais, como a defini\u00e7\u00e3o e implanta\u00e7\u00e3o de solu\u00e7\u00f5es e sistemas<\/span><span data-ccp-props=\"{&quot;201341983&quot;:0,&quot;335559739&quot;:160,&quot;335559740&quot;:259}\">\u00a0<\/span><\/h5>\n","protected":false},"excerpt":{"rendered":"<p>End-to-end Supply Chain strategies to maximize efficiency and reduce costs with automation and AI. Agility and competitiveness in a constantly evolving market.<\/p>\n","protected":false},"author":2,"featured_media":6014,"parent":5719,"menu_order":0,"comment_status":"closed","ping_status":"closed","template":"","meta":{"_acf_changed":false,"footnotes":""},"class_list":["post-5732","page","type-page","status-publish","has-post-thumbnail","hentry"],"acf":[],"_links":{"self":[{"href":"http:\/\/peers-elementor.htc.inf.br\/en\/wp-json\/wp\/v2\/pages\/5732","targetHints":{"allow":["GET"]}}],"collection":[{"href":"http:\/\/peers-elementor.htc.inf.br\/en\/wp-json\/wp\/v2\/pages"}],"about":[{"href":"http:\/\/peers-elementor.htc.inf.br\/en\/wp-json\/wp\/v2\/types\/page"}],"author":[{"embeddable":true,"href":"http:\/\/peers-elementor.htc.inf.br\/en\/wp-json\/wp\/v2\/users\/2"}],"replies":[{"embeddable":true,"href":"http:\/\/peers-elementor.htc.inf.br\/en\/wp-json\/wp\/v2\/comments?post=5732"}],"version-history":[{"count":0,"href":"http:\/\/peers-elementor.htc.inf.br\/en\/wp-json\/wp\/v2\/pages\/5732\/revisions"}],"up":[{"embeddable":true,"href":"http:\/\/peers-elementor.htc.inf.br\/en\/wp-json\/wp\/v2\/pages\/5719"}],"wp:featuredmedia":[{"embeddable":true,"href":"http:\/\/peers-elementor.htc.inf.br\/en\/wp-json\/wp\/v2\/media\/6014"}],"wp:attachment":[{"href":"http:\/\/peers-elementor.htc.inf.br\/en\/wp-json\/wp\/v2\/media?parent=5732"}],"curies":[{"name":"wp","href":"https:\/\/api.w.org\/{rel}","templated":true}]}}