{"id":9171,"date":"2022-07-25T11:30:25","date_gmt":"2022-07-25T14:30:25","guid":{"rendered":"https:\/\/peers.com.br\/como-lo-hacemos\/digital-products\/"},"modified":"2025-04-02T22:49:14","modified_gmt":"2025-04-03T01:49:14","slug":"productos-digitales-experiencia","status":"publish","type":"page","link":"http:\/\/peers-elementor.htc.inf.br\/es\/como-lo-hacemos\/productos-digitales-experiencia\/","title":{"rendered":"Productos Digitales + Experiencia"},"content":{"rendered":"","protected":false},"excerpt":{"rendered":"<p>Soluciones digitales \u00e1giles y estrat\u00e9gicas que conectan negocios y tecnolog\u00eda, creando valor y eficiencia. Aceleramos el \u00e9xito con recorridos digitales que transforman desaf\u00edos en oportunidades.<\/p>\n","protected":false},"author":1,"featured_media":9229,"parent":9078,"menu_order":1,"comment_status":"closed","ping_status":"closed","template":"","meta":{"_acf_changed":false,"footnotes":""},"class_list":["post-9171","page","type-page","status-publish","has-post-thumbnail","hentry"],"acf":[],"_links":{"self":[{"href":"http:\/\/peers-elementor.htc.inf.br\/es\/wp-json\/wp\/v2\/pages\/9171","targetHints":{"allow":["GET"]}}],"collection":[{"href":"http:\/\/peers-elementor.htc.inf.br\/es\/wp-json\/wp\/v2\/pages"}],"about":[{"href":"http:\/\/peers-elementor.htc.inf.br\/es\/wp-json\/wp\/v2\/types\/page"}],"author":[{"embeddable":true,"href":"http:\/\/peers-elementor.htc.inf.br\/es\/wp-json\/wp\/v2\/users\/1"}],"replies":[{"embeddable":true,"href":"http:\/\/peers-elementor.htc.inf.br\/es\/wp-json\/wp\/v2\/comments?post=9171"}],"version-history":[{"count":1,"href":"http:\/\/peers-elementor.htc.inf.br\/es\/wp-json\/wp\/v2\/pages\/9171\/revisions"}],"predecessor-version":[{"id":9232,"href":"http:\/\/peers-elementor.htc.inf.br\/es\/wp-json\/wp\/v2\/pages\/9171\/revisions\/9232"}],"up":[{"embeddable":true,"href":"http:\/\/peers-elementor.htc.inf.br\/es\/wp-json\/wp\/v2\/pages\/9078"}],"wp:featuredmedia":[{"embeddable":true,"href":"http:\/\/peers-elementor.htc.inf.br\/es\/wp-json\/wp\/v2\/media\/9229"}],"wp:attachment":[{"href":"http:\/\/peers-elementor.htc.inf.br\/es\/wp-json\/wp\/v2\/media?parent=9171"}],"curies":[{"name":"wp","href":"https:\/\/api.w.org\/{rel}","templated":true}]}}