{"id":9172,"date":"2022-12-19T14:41:11","date_gmt":"2022-12-19T17:41:11","guid":{"rendered":"https:\/\/peers.com.br\/?page_id=1664"},"modified":"2025-04-02T22:49:34","modified_gmt":"2025-04-03T01:49:34","slug":"sustainability","status":"publish","type":"page","link":"http:\/\/peers-elementor.htc.inf.br\/es\/como-fazemos\/sustainability\/","title":{"rendered":"Sustainability"},"content":{"rendered":"","protected":false},"excerpt":{"rendered":"<p>Transforme sustentabilidade em vantagem competitiva. Criamos estrat\u00e9gias que integram sustentabilidade e crescimento, impulsionando inova\u00e7\u00e3o e resili\u00eancia em todos os setores.<\/p>\n","protected":false},"author":2,"featured_media":9218,"parent":14,"menu_order":0,"comment_status":"closed","ping_status":"closed","template":"","meta":{"_acf_changed":false,"footnotes":""},"class_list":["post-9172","page","type-page","status-publish","has-post-thumbnail","hentry"],"acf":[],"_links":{"self":[{"href":"http:\/\/peers-elementor.htc.inf.br\/es\/wp-json\/wp\/v2\/pages\/9172","targetHints":{"allow":["GET"]}}],"collection":[{"href":"http:\/\/peers-elementor.htc.inf.br\/es\/wp-json\/wp\/v2\/pages"}],"about":[{"href":"http:\/\/peers-elementor.htc.inf.br\/es\/wp-json\/wp\/v2\/types\/page"}],"author":[{"embeddable":true,"href":"http:\/\/peers-elementor.htc.inf.br\/es\/wp-json\/wp\/v2\/users\/2"}],"replies":[{"embeddable":true,"href":"http:\/\/peers-elementor.htc.inf.br\/es\/wp-json\/wp\/v2\/comments?post=9172"}],"version-history":[{"count":1,"href":"http:\/\/peers-elementor.htc.inf.br\/es\/wp-json\/wp\/v2\/pages\/9172\/revisions"}],"predecessor-version":[{"id":9233,"href":"http:\/\/peers-elementor.htc.inf.br\/es\/wp-json\/wp\/v2\/pages\/9172\/revisions\/9233"}],"up":[{"embeddable":true,"href":"http:\/\/peers-elementor.htc.inf.br\/es\/wp-json\/wp\/v2\/pages\/14"}],"wp:featuredmedia":[{"embeddable":true,"href":"http:\/\/peers-elementor.htc.inf.br\/es\/wp-json\/wp\/v2\/media\/9218"}],"wp:attachment":[{"href":"http:\/\/peers-elementor.htc.inf.br\/es\/wp-json\/wp\/v2\/media?parent=9172"}],"curies":[{"name":"wp","href":"https:\/\/api.w.org\/{rel}","templated":true}]}}