{"id":9176,"date":"2022-12-14T09:31:07","date_gmt":"2022-12-14T12:31:07","guid":{"rendered":"https:\/\/peers.com.br\/como-lo-hacemos\/value-creation\/"},"modified":"2025-04-02T22:42:52","modified_gmt":"2025-04-03T01:42:52","slug":"creacion-de-valor","status":"publish","type":"page","link":"http:\/\/peers-elementor.htc.inf.br\/es\/como-lo-hacemos\/creacion-de-valor\/","title":{"rendered":"Creaci\u00f3n de Valor"},"content":{"rendered":"","protected":false},"excerpt":{"rendered":"<p>Maximiza el potencial de tu negocio con pr\u00e1cticas de creaci\u00f3n de valor que aumentan la eficiencia y garantizan el \u00e9xito a largo plazo. Desde la estrategia hasta la ejecuci\u00f3n, optimizamos los retornos para todos los stakeholders.<\/p>\n","protected":false},"author":2,"featured_media":9195,"parent":9078,"menu_order":0,"comment_status":"closed","ping_status":"closed","template":"","meta":{"_acf_changed":false,"footnotes":""},"class_list":["post-9176","page","type-page","status-publish","has-post-thumbnail","hentry"],"acf":[],"_links":{"self":[{"href":"http:\/\/peers-elementor.htc.inf.br\/es\/wp-json\/wp\/v2\/pages\/9176","targetHints":{"allow":["GET"]}}],"collection":[{"href":"http:\/\/peers-elementor.htc.inf.br\/es\/wp-json\/wp\/v2\/pages"}],"about":[{"href":"http:\/\/peers-elementor.htc.inf.br\/es\/wp-json\/wp\/v2\/types\/page"}],"author":[{"embeddable":true,"href":"http:\/\/peers-elementor.htc.inf.br\/es\/wp-json\/wp\/v2\/users\/2"}],"replies":[{"embeddable":true,"href":"http:\/\/peers-elementor.htc.inf.br\/es\/wp-json\/wp\/v2\/comments?post=9176"}],"version-history":[{"count":1,"href":"http:\/\/peers-elementor.htc.inf.br\/es\/wp-json\/wp\/v2\/pages\/9176\/revisions"}],"predecessor-version":[{"id":9198,"href":"http:\/\/peers-elementor.htc.inf.br\/es\/wp-json\/wp\/v2\/pages\/9176\/revisions\/9198"}],"up":[{"embeddable":true,"href":"http:\/\/peers-elementor.htc.inf.br\/es\/wp-json\/wp\/v2\/pages\/9078"}],"wp:featuredmedia":[{"embeddable":true,"href":"http:\/\/peers-elementor.htc.inf.br\/es\/wp-json\/wp\/v2\/media\/9195"}],"wp:attachment":[{"href":"http:\/\/peers-elementor.htc.inf.br\/es\/wp-json\/wp\/v2\/media?parent=9176"}],"curies":[{"name":"wp","href":"https:\/\/api.w.org\/{rel}","templated":true}]}}